{"id":160,"date":"2018-12-28T15:38:55","date_gmt":"2018-12-28T13:38:55","guid":{"rendered":"https:\/\/staha.fi\/?page_id=160"},"modified":"2019-10-20T19:11:40","modified_gmt":"2019-10-20T16:11:40","slug":"rekisteroidy-kayttajaksi","status":"publish","type":"page","link":"https:\/\/staha.fi\/?page_id=160","title":{"rendered":"Rekister\u00f6idy k\u00e4ytt\u00e4j\u00e4ksi"},"content":{"rendered":"\t\t<div data-elementor-type=\"wp-post\" data-elementor-id=\"160\" class=\"elementor elementor-160\" data-elementor-post-type=\"page\">\n\t\t\t\t\t\t<section class=\"elementor-section elementor-top-section elementor-element elementor-element-6ceab39 elementor-section-height-min-height elementor-section-items-top elementor-section-boxed elementor-section-height-default\" data-id=\"6ceab39\" data-element_type=\"section\" data-settings=\"{&quot;background_background&quot;:&quot;classic&quot;}\">\n\t\t\t\t\t\t<div class=\"elementor-container elementor-column-gap-default\">\n\t\t\t\t\t<div class=\"elementor-column elementor-col-100 elementor-top-column elementor-element elementor-element-0d822a8\" data-id=\"0d822a8\" data-element_type=\"column\">\n\t\t\t<div class=\"elementor-widget-wrap elementor-element-populated\">\n\t\t\t\t\t\t<div class=\"elementor-element elementor-element-4ca1c98 elementor-widget elementor-widget-heading\" data-id=\"4ca1c98\" data-element_type=\"widget\" data-widget_type=\"heading.default\">\n\t\t\t\t<div class=\"elementor-widget-container\">\n\t\t\t\t\t<h2 class=\"elementor-heading-title elementor-size-default\">Luo oma k\u00e4ytt\u00e4j\u00e4tili<\/h2>\t\t\t\t<\/div>\n\t\t\t\t<\/div>\n\t\t\t\t<div class=\"elementor-element elementor-element-8d78bd0 elementor-widget-divider--view-line elementor-widget elementor-widget-divider\" data-id=\"8d78bd0\" data-element_type=\"widget\" data-widget_type=\"divider.default\">\n\t\t\t\t<div class=\"elementor-widget-container\">\n\t\t\t\t\t\t\t<div class=\"elementor-divider\">\n\t\t\t<span class=\"elementor-divider-separator\">\n\t\t\t\t\t\t<\/span>\n\t\t<\/div>\n\t\t\t\t\t\t<\/div>\n\t\t\t\t<\/div>\n\t\t\t\t<div class=\"elementor-element elementor-element-b1f91c3 elementor-widget elementor-widget-text-editor\" data-id=\"b1f91c3\" data-element_type=\"widget\" data-widget_type=\"text-editor.default\">\n\t\t\t\t<div class=\"elementor-widget-container\">\n\t\t\t\t\t\t\t\t\t<p>Huomioithan, ett\u00e4 vain j\u00e4senet voivat hakea omaa k\u00e4ytt\u00e4j\u00e4tili\u00e4 ja yll\u00e4pidon tulee hyv\u00e4ksy\u00e4 k\u00e4ytt\u00e4j\u00e4tilisi, ennenkuin p\u00e4\u00e4set j\u00e4senalueelle.<\/p>\t\t\t\t\t\t\t\t<\/div>\n\t\t\t\t<\/div>\n\t\t\t\t<section class=\"elementor-section elementor-inner-section elementor-element elementor-element-1fa3f14 elementor-section-boxed elementor-section-height-default elementor-section-height-default\" data-id=\"1fa3f14\" data-element_type=\"section\">\n\t\t\t\t\t\t<div class=\"elementor-container elementor-column-gap-default\">\n\t\t\t\t\t<div class=\"elementor-column elementor-col-50 elementor-inner-column elementor-element elementor-element-3193474\" data-id=\"3193474\" data-element_type=\"column\" data-settings=\"{&quot;background_background&quot;:&quot;classic&quot;}\">\n\t\t\t<div class=\"elementor-widget-wrap elementor-element-populated\">\n\t\t\t\t\t<div class=\"elementor-background-overlay\"><\/div>\n\t\t\t\t\t\t<div class=\"elementor-element elementor-element-e3127d0 elementor-widget elementor-widget-toolset-form\" data-id=\"e3127d0\" data-element_type=\"widget\" data-widget_type=\"toolset-form.default\">\n\t\t\t\t<div class=\"elementor-widget-container\">\n\t\t\t\t\t<div class=\"lomake\">\r\n<form  id=\"cred_user_form_134_1_1\" class=\"cred-user-form cred-keep-original\" action=\"\/index.php?rest_route=\/wp\/v2\/pages\/160&amp;_tt=1777894925\" data-form=\"{&quot;form_id&quot;:&quot;cred_user_form_134_1_1&quot;,&quot;use_ajax&quot;:&quot;0&quot;,&quot;wpv_page&quot;:1}\" data-conditionals=\"[]\" method=\"post\">\r\n\t<div id=\"wpt-form-message-134\"\n\t\t\t              data-message-single=\"The user was not saved because of the following problem:\"\n\t\t\t              data-message-plural=\"The user was not saved because of the following %NN problems:\"\n\t\t\t              style=\"display:none;\" class=\"wpt-top-form-error wpt-form-error wpt-form-error-wrapper alert alert-danger alert alert-warning\"><\/div>\r\n\t<div class=\"form-group\">\r\n\t\t<div class=\"js-wpt-field-items js-wpt-repetitive wpt-repetitive\" data-initial-conditional=\"\" data-item_name=\"textfield-first_name\">\r\n<input type=\"text\" id=\"cred_user_form_134_1_1_first_name\" name=\"first_name\" value=\"\" class=\"form-control kentta wpt-form-textfield form-textfield textfield\" output=\"bootstrap\" preset_value=\"\" urlparam=\"\" preview=\"\" previewsize=\"\" select_label=\"\" edit_label=\"\" value_escape=\"\" make_readonly=\"\" placeholder=\"Etunimi\" select_text=\"\" data-wpt-type=\"textfield\" data-wpt-id=\"cred_user_form_134_1_1_cred_user_form_134_1_1_first_name\" data-wpt-name=\"first_name\" \/>\r\n<\/div>\r\n\t<\/div>\r\n\t<div class=\"form-group\">\r\n\t\t<div class=\"js-wpt-field-items js-wpt-repetitive wpt-repetitive\" data-initial-conditional=\"\" data-item_name=\"textfield-last_name\">\r\n<input type=\"text\" id=\"cred_user_form_134_1_1_last_name\" name=\"last_name\" value=\"\" class=\"form-control kentta wpt-form-textfield form-textfield textfield\" output=\"bootstrap\" preset_value=\"\" urlparam=\"\" preview=\"\" previewsize=\"\" select_label=\"\" edit_label=\"\" value_escape=\"\" make_readonly=\"\" placeholder=\"Sukunimi\" select_text=\"\" data-wpt-type=\"textfield\" data-wpt-id=\"cred_user_form_134_1_1_cred_user_form_134_1_1_last_name\" data-wpt-name=\"last_name\" \/>\r\n<\/div>\r\n\t<\/div>\r\n\t<div class=\"form-group\">\r\n\t\t<div class=\"js-wpt-field-items js-wpt-repetitive wpt-repetitive\" data-initial-conditional=\"\" data-item_name=\"email-user_email\">\r\n<input type=\"text\" id=\"cred_user_form_134_1_1_user_email\" name=\"user_email\" value=\"\" preset_value=\"\" urlparam=\"\" make_readonly=\"\" max_width=\"\" max_height=\"\" class=\"form-control kentta wpt-form-textfield form-textfield textfield\" output=\"bootstrap\" placeholder=\"S\u00e4hk\u00f6postiosoite\" data-wpt-validate=\"{&quot;email&quot;:{&quot;args&quot;:{&quot;1&quot;:true},&quot;message&quot;:&quot;Please enter a valid email address&quot;},&quot;required&quot;:{&quot;args&quot;:{&quot;1&quot;:true},&quot;message&quot;:&quot;This field is required&quot;}}\" data-wpt-field-title=\"Email\" data-parsley-type=\"email\" data-parsley-error-message=\"Please enter a valid email address\" data-parsley-required=\"true\" data-parsley-required-message=\"This field is required\" data-parsley-credfilesize=\"536870912\" data-wpt-type=\"textfield\" data-wpt-id=\"cred_user_form_134_1_1_cred_user_form_134_1_1_user_email\" data-wpt-name=\"user_email\" \/>\r\n<\/div>\r\n\t<\/div>\r\n\t<div class=\"form-group\">\r\n\t\t<div class=\"js-wpt-field-items js-wpt-repetitive wpt-repetitive\" data-initial-conditional=\"\" data-item_name=\"password-user_pass\">\r\n<input type=\"password\" id=\"cred_user_form_134_1_1_user_pass\" name=\"user_pass\" value=\"\" preset_value=\"\" urlparam=\"\" make_readonly=\"\" max_width=\"\" max_height=\"\" class=\"form-control kentta wpt-form-password form-password password\" output=\"bootstrap\" placeholder=\"Salasana\" data-wpt-validate=\"{&quot;required&quot;:{&quot;args&quot;:{&quot;1&quot;:true},&quot;message&quot;:&quot;This field is required&quot;}}\" data-wpt-field-title=\"Password\" data-parsley-required=\"true\" data-parsley-required-message=\"This field is required\" data-parsley-credfilesize=\"536870912\" data-wpt-type=\"password\" data-wpt-id=\"cred_user_form_134_1_1_cred_user_form_134_1_1_user_pass\" data-wpt-name=\"user_pass\" \/>\r\n<\/div>\r\n\t\t<div class=\"js-wpt-field-items js-wpt-repetitive wpt-repetitive\" data-initial-conditional=\"\" data-item_name=\"password-user_pass2\">\r\n<input type=\"password\" id=\"cred_user_form_134_1_1_user_pass2\" name=\"user_pass2\" value=\"\" preset_value=\"\" urlparam=\"\" make_readonly=\"\" max_width=\"\" max_height=\"\" class=\"form-control kentta wpt-form-password form-password password\" output=\"bootstrap\" placeholder=\"Vahvista salasana\" data-wpt-validate=\"{&quot;equalto&quot;:{&quot;args&quot;:{&quot;1&quot;:&quot;user_pass&quot;},&quot;message&quot;:&quot;Passwords do not match&quot;}}\" data-wpt-field-title=\"Repeat Password\" data-wpt-type=\"password\" data-wpt-id=\"cred_user_form_134_1_1_cred_user_form_134_1_1_user_pass2\" data-wpt-name=\"user_pass2\" \/>\r\n<\/div>\r\n\t<\/div>\r\n\t<br\/>\r\n\t<div class=\"js-wpt-field-items js-wpt-repetitive wpt-repetitive\" data-initial-conditional=\"\" data-item_name=\"recaptcha-recaptcha\"><div id=\"recaptcha_cred_user_form_134_1_1_recaptcha\" class=\"g-recaptcha\" data-sitekey=\"6LfvY9EUAAAAAKWmGG3ibc0SZnZ46MHmM4CBV-jd\"><\/div><div class=\"recaptcha_error\" style=\"color:#aa0000;display:none;\">Please validate reCAPTCHA<\/div>\r\n\r\n<input type=\"text\" id=\"cred_user_form_134_1_1__recaptcha\" name=\"_recaptcha\" value=\"\" style=\"display:none;\" class=\"wpt-form-textfield form-textfield textfield\" data-wpt-type=\"textfield\" data-wpt-id=\"cred_user_form_134_1_1_cred_user_form_134_1_1__recaptcha\" data-wpt-name=\"_recaptcha\" \/>\r\n<\/div>\r\n\t<br\/>\r\n\t<input type=\"submit\" id=\"cred_user_form_134_1_1_form_submit_1\" name=\"form_submit_1\" value=\"L\u00e4het\u00e4\" class=\"painike btn btn-primary btn-lg wpt-form-submit form-submit submit\" \/>\r\n<input type=\"hidden\" id=\"cred_user_form_134_1_1__cred_cred_prefix_cred_container_id\" name=\"_cred_cred_prefix_cred_container_id\" value=\"160\" class=\"wpt-form-hidden form-hidden\" data-wpt-id=\"cred_user_form_134_1_1_cred_user_form_134_1_1__cred_cred_prefix_cred_container_id\" data-wpt-name=\"_cred_cred_prefix_cred_container_id\" \/><input type=\"hidden\" id=\"cred_user_form_134_1_1__cred_cred_prefix_form_id\" name=\"_cred_cred_prefix_form_id\" value=\"134\" class=\"wpt-form-hidden form-hidden\" data-wpt-id=\"cred_user_form_134_1_1_cred_user_form_134_1_1__cred_cred_prefix_form_id\" data-wpt-name=\"_cred_cred_prefix_form_id\" \/><input type=\"hidden\" id=\"cred_user_form_134_1_1__cred_cred_prefix_form_count\" name=\"_cred_cred_prefix_form_count\" value=\"1\" class=\"wpt-form-hidden form-hidden\" data-wpt-id=\"cred_user_form_134_1_1_cred_user_form_134_1_1__cred_cred_prefix_form_count\" data-wpt-name=\"_cred_cred_prefix_form_count\" \/><\/form>\r\n<\/div>\t\t\t\t<\/div>\n\t\t\t\t<\/div>\n\t\t\t\t\t<\/div>\n\t\t<\/div>\n\t\t\t\t<div class=\"elementor-column elementor-col-50 elementor-inner-column elementor-element elementor-element-69d3608\" data-id=\"69d3608\" data-element_type=\"column\">\n\t\t\t<div class=\"elementor-widget-wrap\">\n\t\t\t\t\t\t\t<\/div>\n\t\t<\/div>\n\t\t\t\t\t<\/div>\n\t\t<\/section>\n\t\t\t\t\t<\/div>\n\t\t<\/div>\n\t\t\t\t\t<\/div>\n\t\t<\/section>\n\t\t\t\t<\/div>\n\t\t","protected":false},"excerpt":{"rendered":"<p>Luo oma k\u00e4ytt\u00e4j\u00e4tili Huomioithan, ett\u00e4 vain j\u00e4senet voivat hakea omaa k\u00e4ytt\u00e4j\u00e4tili\u00e4 ja yll\u00e4pidon tulee hyv\u00e4ksy\u00e4 k\u00e4ytt\u00e4j\u00e4tilisi, ennenkuin p\u00e4\u00e4set j\u00e4senalueelle. Submit This is the preview of the &#8221;Rekister\u00f6idy&#8221; Form.<\/p>\n","protected":false},"author":1,"featured_media":0,"parent":0,"menu_order":0,"comment_status":"closed","ping_status":"closed","template":"","meta":{"footnotes":""},"class_list":["post-160","page","type-page","status-publish"],"yoast_head":"<!-- This site is optimized with the Yoast SEO plugin v26.7 - https:\/\/yoast.com\/wordpress\/plugins\/seo\/ -->\n<title>Rekister\u00f6idy k\u00e4ytt\u00e4j\u00e4ksi &#8211; Staha<\/title>\n<meta name=\"robots\" content=\"index, follow, max-snippet:-1, max-image-preview:large, max-video-preview:-1\" \/>\n<link rel=\"canonical\" href=\"https:\/\/staha.fi\/?page_id=160\" \/>\n<meta property=\"og:locale\" content=\"fi_FI\" \/>\n<meta property=\"og:type\" content=\"article\" \/>\n<meta property=\"og:title\" content=\"Rekister\u00f6idy k\u00e4ytt\u00e4j\u00e4ksi &#8211; Staha\" \/>\n<meta property=\"og:description\" content=\"Luo oma k\u00e4ytt\u00e4j\u00e4tili Huomioithan, ett\u00e4 vain j\u00e4senet voivat hakea omaa k\u00e4ytt\u00e4j\u00e4tili\u00e4 ja yll\u00e4pidon tulee hyv\u00e4ksy\u00e4 k\u00e4ytt\u00e4j\u00e4tilisi, ennenkuin p\u00e4\u00e4set j\u00e4senalueelle. Submit This is the preview of the &#8221;Rekister\u00f6idy&#8221; Form.\" \/>\n<meta property=\"og:url\" content=\"https:\/\/staha.fi\/?page_id=160\" \/>\n<meta property=\"og:site_name\" content=\"Staha\" \/>\n<meta property=\"article:modified_time\" content=\"2019-10-20T16:11:40+00:00\" \/>\n<meta name=\"twitter:card\" content=\"summary_large_image\" \/>\n<script type=\"application\/ld+json\" class=\"yoast-schema-graph\">{\"@context\":\"https:\/\/schema.org\",\"@graph\":[{\"@type\":\"WebPage\",\"@id\":\"https:\/\/staha.fi\/?page_id=160\",\"url\":\"https:\/\/staha.fi\/?page_id=160\",\"name\":\"Rekister\u00f6idy k\u00e4ytt\u00e4j\u00e4ksi &#8211; Staha\",\"isPartOf\":{\"@id\":\"https:\/\/staha.fi\/#website\"},\"datePublished\":\"2018-12-28T13:38:55+00:00\",\"dateModified\":\"2019-10-20T16:11:40+00:00\",\"breadcrumb\":{\"@id\":\"https:\/\/staha.fi\/?page_id=160#breadcrumb\"},\"inLanguage\":\"fi\",\"potentialAction\":[{\"@type\":\"ReadAction\",\"target\":[\"https:\/\/staha.fi\/?page_id=160\"]}]},{\"@type\":\"BreadcrumbList\",\"@id\":\"https:\/\/staha.fi\/?page_id=160#breadcrumb\",\"itemListElement\":[{\"@type\":\"ListItem\",\"position\":1,\"name\":\"Home\",\"item\":\"https:\/\/staha.fi\/\"},{\"@type\":\"ListItem\",\"position\":2,\"name\":\"Rekister\u00f6idy k\u00e4ytt\u00e4j\u00e4ksi\"}]},{\"@type\":\"WebSite\",\"@id\":\"https:\/\/staha.fi\/#website\",\"url\":\"https:\/\/staha.fi\/\",\"name\":\"Staha\",\"description\":\"Staha -yhdistys\",\"publisher\":{\"@id\":\"https:\/\/staha.fi\/#organization\"},\"potentialAction\":[{\"@type\":\"SearchAction\",\"target\":{\"@type\":\"EntryPoint\",\"urlTemplate\":\"https:\/\/staha.fi\/?s={search_term_string}\"},\"query-input\":{\"@type\":\"PropertyValueSpecification\",\"valueRequired\":true,\"valueName\":\"search_term_string\"}}],\"inLanguage\":\"fi\"},{\"@type\":\"Organization\",\"@id\":\"https:\/\/staha.fi\/#organization\",\"name\":\"Staha\",\"url\":\"https:\/\/staha.fi\/\",\"logo\":{\"@type\":\"ImageObject\",\"inLanguage\":\"fi\",\"@id\":\"https:\/\/staha.fi\/#\/schema\/logo\/image\/\",\"url\":\"https:\/\/staha.fi\/wp-content\/uploads\/2019\/04\/staha-logo.png\",\"contentUrl\":\"https:\/\/staha.fi\/wp-content\/uploads\/2019\/04\/staha-logo.png\",\"width\":762,\"height\":248,\"caption\":\"Staha\"},\"image\":{\"@id\":\"https:\/\/staha.fi\/#\/schema\/logo\/image\/\"}}]}<\/script>\n<!-- \/ Yoast SEO plugin. -->","yoast_head_json":{"title":"Rekister\u00f6idy k\u00e4ytt\u00e4j\u00e4ksi &#8211; Staha","robots":{"index":"index","follow":"follow","max-snippet":"max-snippet:-1","max-image-preview":"max-image-preview:large","max-video-preview":"max-video-preview:-1"},"canonical":"https:\/\/staha.fi\/?page_id=160","og_locale":"fi_FI","og_type":"article","og_title":"Rekister\u00f6idy k\u00e4ytt\u00e4j\u00e4ksi &#8211; Staha","og_description":"Luo oma k\u00e4ytt\u00e4j\u00e4tili Huomioithan, ett\u00e4 vain j\u00e4senet voivat hakea omaa k\u00e4ytt\u00e4j\u00e4tili\u00e4 ja yll\u00e4pidon tulee hyv\u00e4ksy\u00e4 k\u00e4ytt\u00e4j\u00e4tilisi, ennenkuin p\u00e4\u00e4set j\u00e4senalueelle. Submit This is the preview of the &#8221;Rekister\u00f6idy&#8221; Form.","og_url":"https:\/\/staha.fi\/?page_id=160","og_site_name":"Staha","article_modified_time":"2019-10-20T16:11:40+00:00","twitter_card":"summary_large_image","schema":{"@context":"https:\/\/schema.org","@graph":[{"@type":"WebPage","@id":"https:\/\/staha.fi\/?page_id=160","url":"https:\/\/staha.fi\/?page_id=160","name":"Rekister\u00f6idy k\u00e4ytt\u00e4j\u00e4ksi &#8211; Staha","isPartOf":{"@id":"https:\/\/staha.fi\/#website"},"datePublished":"2018-12-28T13:38:55+00:00","dateModified":"2019-10-20T16:11:40+00:00","breadcrumb":{"@id":"https:\/\/staha.fi\/?page_id=160#breadcrumb"},"inLanguage":"fi","potentialAction":[{"@type":"ReadAction","target":["https:\/\/staha.fi\/?page_id=160"]}]},{"@type":"BreadcrumbList","@id":"https:\/\/staha.fi\/?page_id=160#breadcrumb","itemListElement":[{"@type":"ListItem","position":1,"name":"Home","item":"https:\/\/staha.fi\/"},{"@type":"ListItem","position":2,"name":"Rekister\u00f6idy k\u00e4ytt\u00e4j\u00e4ksi"}]},{"@type":"WebSite","@id":"https:\/\/staha.fi\/#website","url":"https:\/\/staha.fi\/","name":"Staha","description":"Staha -yhdistys","publisher":{"@id":"https:\/\/staha.fi\/#organization"},"potentialAction":[{"@type":"SearchAction","target":{"@type":"EntryPoint","urlTemplate":"https:\/\/staha.fi\/?s={search_term_string}"},"query-input":{"@type":"PropertyValueSpecification","valueRequired":true,"valueName":"search_term_string"}}],"inLanguage":"fi"},{"@type":"Organization","@id":"https:\/\/staha.fi\/#organization","name":"Staha","url":"https:\/\/staha.fi\/","logo":{"@type":"ImageObject","inLanguage":"fi","@id":"https:\/\/staha.fi\/#\/schema\/logo\/image\/","url":"https:\/\/staha.fi\/wp-content\/uploads\/2019\/04\/staha-logo.png","contentUrl":"https:\/\/staha.fi\/wp-content\/uploads\/2019\/04\/staha-logo.png","width":762,"height":248,"caption":"Staha"},"image":{"@id":"https:\/\/staha.fi\/#\/schema\/logo\/image\/"}}]}},"_links":{"self":[{"href":"https:\/\/staha.fi\/index.php?rest_route=\/wp\/v2\/pages\/160","targetHints":{"allow":["GET"]}}],"collection":[{"href":"https:\/\/staha.fi\/index.php?rest_route=\/wp\/v2\/pages"}],"about":[{"href":"https:\/\/staha.fi\/index.php?rest_route=\/wp\/v2\/types\/page"}],"author":[{"embeddable":true,"href":"https:\/\/staha.fi\/index.php?rest_route=\/wp\/v2\/users\/1"}],"replies":[{"embeddable":true,"href":"https:\/\/staha.fi\/index.php?rest_route=%2Fwp%2Fv2%2Fcomments&post=160"}],"version-history":[{"count":0,"href":"https:\/\/staha.fi\/index.php?rest_route=\/wp\/v2\/pages\/160\/revisions"}],"wp:attachment":[{"href":"https:\/\/staha.fi\/index.php?rest_route=%2Fwp%2Fv2%2Fmedia&parent=160"}],"curies":[{"name":"wp","href":"https:\/\/api.w.org\/{rel}","templated":true}]}}